{"id":20562,"date":"2021-01-25T15:42:38","date_gmt":"2021-01-25T20:42:38","guid":{"rendered":"https:\/\/www.velo.qc.ca\/?page_id=20562"},"modified":"2021-02-08T10:46:39","modified_gmt":"2021-02-08T15:46:39","slug":"virtual-tete-a-tete-with-jacques-sennechael","status":"publish","type":"page","link":"https:\/\/www.velo.qc.ca\/en\/tete-a-tete-virtuel-avec-jacques-sennechael\/","title":{"rendered":"Virtual t\u00eate-\u00e0-t\u00eate with Jacques Senn\u00e9chael"},"content":{"rendered":"","protected":false},"excerpt":{"rendered":"","protected":false},"author":34,"featured_media":0,"parent":0,"menu_order":172,"comment_status":"closed","ping_status":"closed","template":"","meta":{"_acf_changed":false,"footnotes":""},"class_list":["post-20562","page","type-page","status-publish","hentry","cf"],"acf":[],"_links":{"self":[{"href":"https:\/\/www.velo.qc.ca\/en\/wp-json\/wp\/v2\/pages\/20562","targetHints":{"allow":["GET"]}}],"collection":[{"href":"https:\/\/www.velo.qc.ca\/en\/wp-json\/wp\/v2\/pages"}],"about":[{"href":"https:\/\/www.velo.qc.ca\/en\/wp-json\/wp\/v2\/types\/page"}],"author":[{"embeddable":true,"href":"https:\/\/www.velo.qc.ca\/en\/wp-json\/wp\/v2\/users\/34"}],"replies":[{"embeddable":true,"href":"https:\/\/www.velo.qc.ca\/en\/wp-json\/wp\/v2\/comments?post=20562"}],"version-history":[{"count":0,"href":"https:\/\/www.velo.qc.ca\/en\/wp-json\/wp\/v2\/pages\/20562\/revisions"}],"wp:attachment":[{"href":"https:\/\/www.velo.qc.ca\/en\/wp-json\/wp\/v2\/media?parent=20562"}],"curies":[{"name":"wp","href":"https:\/\/api.w.org\/{rel}","templated":true}]}}