{"id":94824,"date":"2025-06-10T15:01:34","date_gmt":"2025-06-10T19:01:34","guid":{"rendered":"https:\/\/www.velo.qc.ca\/?page_id=94824"},"modified":"2025-08-20T16:06:37","modified_gmt":"2025-08-20T20:06:37","slug":"liability-insurance-for-mountain-bike-trail-managers-2","status":"publish","type":"page","link":"https:\/\/www.velo.qc.ca\/en\/assurance-responsabilite-civile-pour-les-gestionnaires-de-sentiers-de-velo-de-montagne\/","title":{"rendered":"Liability insurance for mountain bike trail managers"},"content":{"rendered":"<h2>Strategic leverage to strengthen risk management<\/h2>\n<p>This agreement enhances the structuring actions implemented by V\u00e9lo Qu\u00e9bec over the past few years. It is an extension of our commitment through the\u00a0<a href=\"https:\/\/www.velo.qc.ca\/en\/mountain-biking\/professionnal\/\">numerous guides published<\/a>\u00a0on mountain bike trail development, as well as our most recent guide to\u00a0<a href=\"https:\/\/www.velo.qc.ca\/en\/toolkitssss\/safety-practice-and-management-guide\/#velo-de-montagne-fatbike\">safe, supervised practice<\/a>. User safety, incident prevention and the professionalization of operations remain key priorities.<\/p>\n<h2>Membership criteria for the Mountain Bike insurance program<\/h2>\n<p>To benefit from this insurance, you must :<\/p>\n<ul>\n<li>Be a \u201cCentre de v\u00e9lo de montagne\u201d member of V\u00e9lo Qu\u00e9bec ;<\/li>\n<li>Clearly display the mandatory use of helmets in your network; ;<\/li>\n<li>Warn users of the risks associated with the practice, for example by means of a poster on site (for free sites), a notice on the website or a signature acknowledging the risks when required.<\/li>\n<\/ul>\n<p>If you have any questions or would like to know more about membership, please contact our Essor Assurances representatives by e-mail\u00a0<a title=\"mailto:Veloqc@essor.ca\" href=\"mailto:Veloqc@essor.ca\">veloqc@essor.ca<\/a><\/p>","protected":false},"excerpt":{"rendered":"<p>Un levier strat\u00e9gique pour renforcer la gestion des risques Cette entente vient bonifier les actions structurantes mises en place par V\u00e9lo Qu\u00e9bec depuis quelques ann\u00e9es. Elle s\u2019inscrit dans le prolongement de notre engagement \u00e0 travers les\u00a0nombreux guides publi\u00e9s\u00a0sur l\u2019am\u00e9nagement des sentiers de v\u00e9lo de montagne, ainsi que de notre plus r\u00e9cent guide consacr\u00e9 \u00e0\u00a0la pratique [&hellip;]<\/p>\n","protected":false},"author":41,"featured_media":0,"parent":0,"menu_order":66,"comment_status":"closed","ping_status":"closed","template":"","meta":{"_acf_changed":false,"footnotes":""},"class_list":["post-94824","page","type-page","status-publish","hentry","cf"],"acf":[],"_links":{"self":[{"href":"https:\/\/www.velo.qc.ca\/en\/wp-json\/wp\/v2\/pages\/94824","targetHints":{"allow":["GET"]}}],"collection":[{"href":"https:\/\/www.velo.qc.ca\/en\/wp-json\/wp\/v2\/pages"}],"about":[{"href":"https:\/\/www.velo.qc.ca\/en\/wp-json\/wp\/v2\/types\/page"}],"author":[{"embeddable":true,"href":"https:\/\/www.velo.qc.ca\/en\/wp-json\/wp\/v2\/users\/41"}],"replies":[{"embeddable":true,"href":"https:\/\/www.velo.qc.ca\/en\/wp-json\/wp\/v2\/comments?post=94824"}],"version-history":[{"count":6,"href":"https:\/\/www.velo.qc.ca\/en\/wp-json\/wp\/v2\/pages\/94824\/revisions"}],"predecessor-version":[{"id":95103,"href":"https:\/\/www.velo.qc.ca\/en\/wp-json\/wp\/v2\/pages\/94824\/revisions\/95103"}],"wp:attachment":[{"href":"https:\/\/www.velo.qc.ca\/en\/wp-json\/wp\/v2\/media?parent=94824"}],"curies":[{"name":"wp","href":"https:\/\/api.w.org\/{rel}","templated":true}]}}